{"id":5584,"date":"2022-03-08T15:47:29","date_gmt":"2022-03-08T15:47:29","guid":{"rendered":"https:\/\/aoleuapparel.com\/my-account\/"},"modified":"2024-04-23T08:31:33","modified_gmt":"2024-04-23T08:31:33","slug":"my-account","status":"publish","type":"page","link":"https:\/\/aoleuapparel.com\/en\/my-account\/","title":{"rendered":"My Account"},"content":{"rendered":"\t\t<div data-elementor-type=\"wp-page\" data-elementor-id=\"5584\" class=\"elementor elementor-5584 elementor-11\" data-elementor-post-type=\"page\">\n\t\t\t\t\t\t<section class=\"elementor-section elementor-top-section elementor-element elementor-element-f73e586 elementor-section-full_width elementor-section-height-default elementor-section-height-default\" data-id=\"f73e586\" data-element_type=\"section\">\n\t\t\t\t\t\t<div class=\"elementor-container elementor-column-gap-custom\">\n\t\t\t\t\t<div class=\"elementor-column elementor-col-50 elementor-top-column elementor-element elementor-element-4d2a0df\" data-id=\"4d2a0df\" data-element_type=\"column\">\n\t\t\t<div class=\"elementor-widget-wrap elementor-element-populated\">\n\t\t\t\t\t\t<div class=\"elementor-element elementor-element-7752f79 elementor-align-left elementor-mobile-align-left elementor-hidden-mobile elementor-icon-list--layout-traditional elementor-list-item-link-full_width elementor-widget elementor-widget-icon-list\" data-id=\"7752f79\" data-element_type=\"widget\" data-widget_type=\"icon-list.default\">\n\t\t\t\t<div class=\"elementor-widget-container\">\n\t\t\t\t\t\t\t<ul class=\"elementor-icon-list-items\">\n\t\t\t\t\t\t\t<li class=\"elementor-icon-list-item\">\n\t\t\t\t\t\t\t\t\t\t\t<a href=\"https:\/\/aoleuapparel.com\/minha-conta\/\">\n\n\t\t\t\t\t\t\t\t\t\t\t\t<span class=\"elementor-icon-list-icon\">\n\t\t\t\t\t\t\t<svg xmlns=\"http:\/\/www.w3.org\/2000\/svg\" xmlns:xlink=\"http:\/\/www.w3.org\/1999\/xlink\" id=\"Camada_1\" x=\"0px\" y=\"0px\" viewBox=\"0 0 200 201\" style=\"enable-background:new 0 0 200 201;\" xml:space=\"preserve\"> <style type=\"text\/css\"> .st0{fill:none;stroke:#000000;stroke-width:3;stroke-linecap:round;stroke-linejoin:round;} <\/style> <path id=\"Vector\" class=\"st0\" d=\"M101.2,91.2c-0.9-0.1-1.8-0.1-2.8,0C78,90.4,62,73.2,62.8,52.7c0.8-20.5,18-36.4,38.4-35.7 s36.4,18,35.7,38.4C136.2,74.9,120.6,90.5,101.2,91.2z\"><\/path> <path id=\"Vector-2\" class=\"st0\" d=\"M59.5,122c-20.2,13.5-20.2,35.5,0,49c25.7,15.4,57.8,15.4,83.5,0c20.2-13.5,20.2-35.5,0-49 C117.3,106.7,85.2,106.7,59.5,122z\"><\/path> <\/svg>\t\t\t\t\t\t<\/span>\n\t\t\t\t\t\t\t\t\t\t<span class=\"elementor-icon-list-text\">Painel<\/span>\n\t\t\t\t\t\t\t\t\t\t\t<\/a>\n\t\t\t\t\t\t\t\t\t<\/li>\n\t\t\t\t\t\t\t\t<li class=\"elementor-icon-list-item\">\n\t\t\t\t\t\t\t\t\t\t\t<a href=\"https:\/\/aoleuapparel.com\/minha-conta\/orders\">\n\n\t\t\t\t\t\t\t\t\t\t\t\t<span class=\"elementor-icon-list-icon\">\n\t\t\t\t\t\t\t<svg xmlns=\"http:\/\/www.w3.org\/2000\/svg\" xmlns:xlink=\"http:\/\/www.w3.org\/1999\/xlink\" id=\"Camada_1\" x=\"0px\" y=\"0px\" viewBox=\"0 0 200 201\" style=\"enable-background:new 0 0 200 201;\" xml:space=\"preserve\"> <style type=\"text\/css\"> .st0{fill:none;stroke:#000000;stroke-width:3;stroke-linecap:round;stroke-linejoin:round;} <\/style> <path id=\"Vector-4\" class=\"st0\" d=\"M62.1,64.5v-8.1c0.2-19.5,14.6-36.1,33.9-39c20.6-2,39,13.1,41,33.7c0.1,1.2,0.2,2.4,0.2,3.7 v11.5\"><\/path> <path id=\"Vector-5\" class=\"st0\" d=\"M74.6,184h50.1c33.5,0,39.6-13.4,41.3-29.8l6.3-50.1c2.3-20.4-3.6-37-39.2-37H66.3 c-35.6,0-41.5,16.6-39.2,37l6.3,50.1C35.1,170.6,41.1,184,74.6,184z\"><\/path> <path id=\"Vector-6\" class=\"st0\" d=\"M128.8,100.6L128.8,100.6\"><\/path> <path id=\"Vector-7\" class=\"st0\" d=\"M70.4,100.6L70.4,100.6\"><\/path> <\/svg>\t\t\t\t\t\t<\/span>\n\t\t\t\t\t\t\t\t\t\t<span class=\"elementor-icon-list-text\">Encomendas<\/span>\n\t\t\t\t\t\t\t\t\t\t\t<\/a>\n\t\t\t\t\t\t\t\t\t<\/li>\n\t\t\t\t\t\t\t\t<li class=\"elementor-icon-list-item\">\n\t\t\t\t\t\t\t\t\t\t\t<a href=\"https:\/\/aoleuapparel.com\/minha-conta\/edit-address\">\n\n\t\t\t\t\t\t\t\t\t\t\t\t<span class=\"elementor-icon-list-icon\">\n\t\t\t\t\t\t\t<svg xmlns=\"http:\/\/www.w3.org\/2000\/svg\" xmlns:xlink=\"http:\/\/www.w3.org\/1999\/xlink\" id=\"Camada_1\" x=\"0px\" y=\"0px\" viewBox=\"0 0 200 201\" style=\"enable-background:new 0 0 200 201;\" xml:space=\"preserve\"> <style type=\"text\/css\"> .st0{fill:none;stroke:#000000;stroke-width:3;stroke-linecap:round;stroke-linejoin:round;} <\/style> <g> <path id=\"Vector-4_1_\" class=\"st0\" d=\"M35.8,67c0,0,30.5-19.6,49.7-31.8c9.2-5.9,21-5.8,30.2,0.1C134.6,47.5,164.8,67,164.8,67\"><\/path> <path class=\"st0\" d=\"M35.6,66.7c-8.1,6.8-9.5,17.2-8.2,28.9l6.3,50.1c1.8,16.4,7.8,29.8,41.3,29.8h3.9v-33.3 c0-8.4,6.8-15.3,15.3-15.3h13.5c8.4,0,15.3,6.8,15.3,15.3v33.3h2.2c33.5,0,39.6-13.4,41.3-29.8l6.3-50.1c1.3-11.5,0-21.8-7.8-28.6\"><\/path> <\/g> <\/svg>\t\t\t\t\t\t<\/span>\n\t\t\t\t\t\t\t\t\t\t<span class=\"elementor-icon-list-text\">Morada<\/span>\n\t\t\t\t\t\t\t\t\t\t\t<\/a>\n\t\t\t\t\t\t\t\t\t<\/li>\n\t\t\t\t\t\t\t\t<li class=\"elementor-icon-list-item\">\n\t\t\t\t\t\t\t\t\t\t\t<a href=\"https:\/\/aoleuapparel.com\/minha-conta\/edit-account\">\n\n\t\t\t\t\t\t\t\t\t\t\t\t<span class=\"elementor-icon-list-icon\">\n\t\t\t\t\t\t\t<svg xmlns=\"http:\/\/www.w3.org\/2000\/svg\" xmlns:xlink=\"http:\/\/www.w3.org\/1999\/xlink\" id=\"Camada_1\" x=\"0px\" y=\"0px\" viewBox=\"0 0 289.1 388.5\" style=\"enable-background:new 0 0 289.1 388.5;\" xml:space=\"preserve\"> <style type=\"text\/css\"> .st0{fill-rule:evenodd;clip-rule:evenodd;} <\/style> <g> <path d=\"M85,71c0.7,0,51.9-25.6,122.7,0h1.3c1.3,0,2.7-0.7,3.4-2c0.7-2,0-3.4-2-4c-73.5-27-126.1-0.7-128.1,0 c-1.3,0.7-2,2.7-1.3,4.7C81.6,71,83.7,71.7,85,71L85,71z\"><\/path> <path d=\"M56.7,122.2c0.7,0,2-0.7,2.7-1.3c0-0.7,32.4-37.1,83.6-37.1h1.3c35.7,0.7,59.3,10.1,83.6,35.1c1.3,1.3,3.4,1.3,4.7,0 c1.3-1.3,1.3-3.4,0-4.7c-25.6-26.3-51.2-37.1-88.3-37.1H143c-54.6,0-87.6,37.8-89,39.8c-1.3,1.3-1.3,3.4,0.7,4.7 C55.4,122.2,56,122.2,56.7,122.2L56.7,122.2z\"><\/path> <path d=\"M205,121.5c-31-20.9-70.8-21.6-89-14.8c-2,0.7-2.7,2.7-2,4c0.7,2,2.7,2.7,4,2c16.9-6.1,53.9-5.4,82.9,14.2 c26.3,17.5,40.5,45.8,43.1,83.6c0,2,1.3,3.4,3.4,3.4c2,0,3.4-2,3.4-3.4C248.2,170.8,232.7,140.4,205,121.5L205,121.5z\"><\/path> <path d=\"M97.2,122.9c1.3-0.7,2-2.7,1.3-4.7c-0.7-1.3-2.7-2-4.7-1.3c-48.5,26.3-53.3,89.7-53.3,91.7c0,2,1.3,3.4,3.4,3.4 s3.4-1.3,3.4-3.4C47.3,208.5,51.3,147.2,97.2,122.9L97.2,122.9z\"><\/path> <path d=\"M217.8,308.3c-6.1-16.9-16.9-45.2-15.5-74.2c1.3-34.4-12.1-66.7-33.7-79.5c-10.8-6.1-27.6-11.5-49.2,1.3 c-13.5,8.1-29.7,26.3-29,71.5c0.7,24.3-29,65.4-29,66.1c-1.3,1.3-0.7,3.4,0.7,4.7c1.3,1.3,3.4,0.7,4.7-0.7c1.3-2,31-43.1,30.3-70.8 c-0.7-41.1,13.5-58,25.6-64.7c14.8-8.8,29.7-8.8,42.5-1.3c19.5,12.1,31.7,41.8,30.3,73.5c-1.3,30.3,9.4,59.3,16.2,76.9l1.3,4 c0.7,1.3,2,2,3.4,2h1.3c2-0.7,2.7-2.7,2-4L217.8,308.3z\"><\/path> <path d=\"M223.9,207.8c0.7-12.8-2.7-27-9.4-39.1c-0.7-1.3-2.7-2-4.7-1.3c-0.7,0.7-1.3,2.7-0.7,4c6.1,11.5,8.8,24.3,8.8,35.7 c-0.7,17.5,2,39.1,8.1,64.7c0.7,1.3,2,2.7,3.4,2.7h0.7c2-0.7,2.7-2,2.7-4C225.9,245.6,223.2,224.7,223.9,207.8L223.9,207.8z\"><\/path> <path d=\"M118.7,137.1c29.7-12.1,58-5.4,78.2,17.5c1.3,1.3,3.4,1.3,4.7,0s1.3-3.4,0-4.7c-22.2-24.9-53.9-32.4-86.3-18.9 c-37.8,14.8-45.2,58-47.2,75.5C64.8,246.9,50,259.1,50,259.1c-1.3,1.3-2,3.4-0.7,4.7c0.7,0.7,1.3,1.3,2.7,1.3c0.7,0,1.3,0,2-0.7 c0.7-0.7,16.9-13.5,20.9-57.3C77.6,190.3,84.3,150.5,118.7,137.1L118.7,137.1z\"><\/path> <path d=\"M151.1,179.5c-11.5-4.7-22.9-0.7-29.7,11.5c-2.7,5.4-3.4,11.5-3.4,19.5c-0.7,10.8-1.3,24.3-8.1,41.8 c-12.1,31-35.7,60.7-35.7,61.3c-1.3,1.3-0.7,3.4,0.7,4.7c1.3,1.3,3.4,0.7,4.7-0.7c0.7-1.3,24.3-31,36.4-62.7 c7.4-18.9,8.1-33.7,8.8-44.5c0.7-7.4,0.7-12.8,2.7-16.9c4.7-8.8,12.8-12.1,20.9-8.8c12.8,5.4,28.3,30.3,13.5,74.2 c-10.1,29.7-11.5,33.7-43.8,86.3c-0.7,1.3-0.7,3.4,1.3,4.7c0.7,0.7,1.3,0.7,2,0.7c1.3,0,2-0.7,2.7-1.3 c31.7-51.2,34.4-56.6,44.5-87.6C184.1,213.9,166.6,186.3,151.1,179.5L151.1,179.5z\"><\/path> <path d=\"M141.6,238.9h1.3c1.3,0,2.7-0.7,3.4-2c5.4-14.2,2-31.7,2-32.4c0-2-2-3.4-4-2.7c-2,0-3.4,2-2.7,4c0,0,2.7,16.9-2,29 C139,236.2,139.6,238.2,141.6,238.9L141.6,238.9z\"><\/path> <path d=\"M139.6,253.7c-2-0.7-3.4,0.7-4,2c0,0.7-15.5,51.2-41.8,77.5c-1.3,1.3-1.3,3.4,0,4.7c0.7,0.7,1.3,0.7,2.7,0.7 c0.7,0,2,0,2.7-0.7c27.6-27.6,42.5-78.2,43.1-80.2C142.3,256.4,141.6,254.4,139.6,253.7L139.6,253.7z\"><\/path> <path d=\"M183.4,288.7c-0.7-1.3-1.3-2.7-3.4-2.7c-1.3,0-2.7,1.3-3.4,2.7c-3.4,16.9-29,58-29.7,58.7c-0.7,1.3-0.7,3.4,1.3,4.7 c0.7,0.7,1.3,0.7,2,0.7c1.3,0,2-0.7,2.7-1.3c0.7-1.3,18.9-30.3,27-49.9c2.7,8.8,7.4,22.2,12.1,31.7c0.7,1.3,2.7,2,4.7,1.3 c1.3-0.7,2-2.7,1.3-4.7C190.2,314.4,183.4,288.7,183.4,288.7L183.4,288.7z\"><\/path> <\/g> <\/svg>\t\t\t\t\t\t<\/span>\n\t\t\t\t\t\t\t\t\t\t<span class=\"elementor-icon-list-text\">Detalhe da conta<\/span>\n\t\t\t\t\t\t\t\t\t\t\t<\/a>\n\t\t\t\t\t\t\t\t\t<\/li>\n\t\t\t\t\t\t\t\t<li class=\"elementor-icon-list-item\">\n\t\t\t\t\t\t\t\t\t\t\t<a href=\"https:\/\/aoleuapparel.com\/minha-conta\/customer-logout\">\n\n\t\t\t\t\t\t\t\t\t\t\t\t<span class=\"elementor-icon-list-icon\">\n\t\t\t\t\t\t\t<svg xmlns=\"http:\/\/www.w3.org\/2000\/svg\" xmlns:xlink=\"http:\/\/www.w3.org\/1999\/xlink\" id=\"Camada_1\" x=\"0px\" y=\"0px\" viewBox=\"0 0 200 201\" style=\"enable-background:new 0 0 200 201;\" xml:space=\"preserve\"> <style type=\"text\/css\"> .st0{fill:none;stroke:#000000;stroke-width:3;stroke-linecap:round;stroke-linejoin:round;} <\/style> <g> <path d=\"M123.5,42.8c-0.9-0.3-1.9,0.1-2.2,1c-0.2,0.4-0.1,0.9,0,1.3c0.2,0.4,0.5,0.8,1,0.9c14.4,5.2,26.6,15.4,34.2,28.7 c7.7,13.3,10.4,28.9,7.8,44c-2.7,15.1-10.6,28.8-22.3,38.7c-11.8,9.9-26.6,15.3-42,15.3s-30.2-5.4-42-15.3 c-11.8-9.9-19.7-23.6-22.3-38.7c-2.7-15.1,0.1-30.7,7.8-44c7.7-13.3,19.8-23.5,34.2-28.7c0.4-0.2,0.8-0.5,1-0.9 c0.2-0.4,0.2-0.9,0-1.3c-0.3-0.9-1.3-1.4-2.2-1c-15.2,5.5-28,16.2-36.1,30.2c-8.1,14-11,30.4-8.2,46.4 c2.8,15.9,11.1,30.4,23.5,40.8c12.4,10.4,28.1,16.1,44.2,16.1s31.8-5.7,44.2-16.1c12.4-10.4,20.7-24.8,23.5-40.8 c2.8-15.9-0.1-32.3-8.2-46.4C151.5,59.1,138.7,48.4,123.5,42.8L123.5,42.8z\"><\/path> <path d=\"M100,77.1c0.5,0,0.9-0.2,1.2-0.5c0.3-0.3,0.5-0.8,0.5-1.2V26.5c0-1-0.8-1.7-1.7-1.7c-1,0-1.7,0.8-1.7,1.7v48.9 c0,0.5,0.2,0.9,0.5,1.2C99.1,76.9,99.5,77.1,100,77.1L100,77.1z\"><\/path> <\/g> <\/svg>\t\t\t\t\t\t<\/span>\n\t\t\t\t\t\t\t\t\t\t<span class=\"elementor-icon-list-text\">Logout<\/span>\n\t\t\t\t\t\t\t\t\t\t\t<\/a>\n\t\t\t\t\t\t\t\t\t<\/li>\n\t\t\t\t\t\t<\/ul>\n\t\t\t\t\t\t<\/div>\n\t\t\t\t<\/div>\n\t\t\t\t<div class=\"elementor-element elementor-element-96fe7bc elementor-align-left elementor-icon-list--layout-inline elementor-mobile-align-center elementor-hidden-desktop elementor-hidden-tablet elementor-list-item-link-full_width elementor-widget elementor-widget-icon-list\" data-id=\"96fe7bc\" data-element_type=\"widget\" data-widget_type=\"icon-list.default\">\n\t\t\t\t<div class=\"elementor-widget-container\">\n\t\t\t\t\t\t\t<ul class=\"elementor-icon-list-items elementor-inline-items\">\n\t\t\t\t\t\t\t<li class=\"elementor-icon-list-item elementor-inline-item\">\n\t\t\t\t\t\t\t\t\t\t\t<a href=\"https:\/\/aoleuapparel.com\/minha-conta\/\">\n\n\t\t\t\t\t\t\t\t\t\t\t<span class=\"elementor-icon-list-text\">Painel<\/span>\n\t\t\t\t\t\t\t\t\t\t\t<\/a>\n\t\t\t\t\t\t\t\t\t<\/li>\n\t\t\t\t\t\t\t\t<li class=\"elementor-icon-list-item elementor-inline-item\">\n\t\t\t\t\t\t\t\t\t\t\t<a href=\"https:\/\/aoleuapparel.com\/minha-conta\/orders\">\n\n\t\t\t\t\t\t\t\t\t\t\t<span class=\"elementor-icon-list-text\">Encomendas<\/span>\n\t\t\t\t\t\t\t\t\t\t\t<\/a>\n\t\t\t\t\t\t\t\t\t<\/li>\n\t\t\t\t\t\t\t\t<li class=\"elementor-icon-list-item elementor-inline-item\">\n\t\t\t\t\t\t\t\t\t\t\t<a href=\"https:\/\/aoleuapparel.com\/minha-conta\/edit-address\">\n\n\t\t\t\t\t\t\t\t\t\t\t<span class=\"elementor-icon-list-text\">Morada<\/span>\n\t\t\t\t\t\t\t\t\t\t\t<\/a>\n\t\t\t\t\t\t\t\t\t<\/li>\n\t\t\t\t\t\t\t\t<li class=\"elementor-icon-list-item elementor-inline-item\">\n\t\t\t\t\t\t\t\t\t\t\t<a href=\"https:\/\/aoleuapparel.com\/minha-conta\/edit-account\">\n\n\t\t\t\t\t\t\t\t\t\t\t<span class=\"elementor-icon-list-text\">Detalhe da conta<\/span>\n\t\t\t\t\t\t\t\t\t\t\t<\/a>\n\t\t\t\t\t\t\t\t\t<\/li>\n\t\t\t\t\t\t\t\t<li class=\"elementor-icon-list-item elementor-inline-item\">\n\t\t\t\t\t\t\t\t\t\t\t<a href=\"https:\/\/aoleuapparel.com\/minha-conta\/customer-logout\">\n\n\t\t\t\t\t\t\t\t\t\t\t<span class=\"elementor-icon-list-text\">Logout<\/span>\n\t\t\t\t\t\t\t\t\t\t\t<\/a>\n\t\t\t\t\t\t\t\t\t<\/li>\n\t\t\t\t\t\t<\/ul>\n\t\t\t\t\t\t<\/div>\n\t\t\t\t<\/div>\n\t\t\t\t\t<\/div>\n\t\t<\/div>\n\t\t\t\t<div class=\"elementor-column elementor-col-50 elementor-top-column elementor-element elementor-element-97aaa35\" data-id=\"97aaa35\" data-element_type=\"column\">\n\t\t\t<div class=\"elementor-widget-wrap elementor-element-populated\">\n\t\t\t\t\t\t<div class=\"elementor-element elementor-element-8746682 elementor-widget elementor-widget-heading\" data-id=\"8746682\" data-element_type=\"widget\" data-widget_type=\"heading.default\">\n\t\t\t\t<div class=\"elementor-widget-container\">\n\t\t\t\t\t<h1 class=\"elementor-heading-title elementor-size-default\">Ol\u00e1!<\/h1>\t\t\t\t<\/div>\n\t\t\t\t<\/div>\n\t\t\t\t<div class=\"elementor-element elementor-element-666bf93 elementor-widget elementor-widget-spacer\" data-id=\"666bf93\" data-element_type=\"widget\" data-widget_type=\"spacer.default\">\n\t\t\t\t<div class=\"elementor-widget-container\">\n\t\t\t\t\t\t\t<div class=\"elementor-spacer\">\n\t\t\t<div class=\"elementor-spacer-inner\"><\/div>\n\t\t<\/div>\n\t\t\t\t\t\t<\/div>\n\t\t\t\t<\/div>\n\t\t\t\t<div class=\"elementor-element elementor-element-02d4edc e-my-account-tabs-vertical elementor-widget elementor-widget-woocommerce-my-account\" data-id=\"02d4edc\" data-element_type=\"widget\" data-widget_type=\"woocommerce-my-account.default\">\n\t\t\t\t<div class=\"elementor-widget-container\">\n\t\t\t\t\t<div class=\"e-my-account-tab e-my-account-tab__ \">\t\t\t<div class=\"woocommerce\"><\/div>\t\t<\/div>\n\t\t\t\t\t\t<\/div>\n\t\t\t\t<\/div>\n\t\t\t\t\t<\/div>\n\t\t<\/div>\n\t\t\t\t\t<\/div>\n\t\t<\/section>\n\t\t\t\t<section class=\"elementor-section elementor-top-section elementor-element elementor-element-e10aa71 elementor-section-boxed elementor-section-height-default elementor-section-height-default\" data-id=\"e10aa71\" data-element_type=\"section\">\n\t\t\t\t\t\t<div class=\"elementor-container elementor-column-gap-default\">\n\t\t\t\t\t<div class=\"elementor-column elementor-col-100 elementor-top-column elementor-element elementor-element-c5e35f0\" data-id=\"c5e35f0\" data-element_type=\"column\">\n\t\t\t<div class=\"elementor-widget-wrap\">\n\t\t\t\t\t\t\t<\/div>\n\t\t<\/div>\n\t\t\t\t\t<\/div>\n\t\t<\/section>\n\t\t\t\t<\/div>\n\t\t","protected":false},"excerpt":{"rendered":"<p>Painel Encomendas Morada Detalhe da conta Logout Painel Encomendas Morada Detalhe da conta Logout Ol\u00e1! Dashboard Orders Downloads Addresses Account Details Logout Ol\u00e1 ao leu (n\u00e3o \u00e9 ao leu? Sair) No painel da sua conta pode ver as encomendas mais recentes, gerir as moradas de envio e de factura\u00e7\u00e3o e editar os detalhes e a [&hellip;]<\/p>\n","protected":false},"author":2,"featured_media":0,"parent":0,"menu_order":0,"comment_status":"closed","ping_status":"closed","template":"","meta":{"_acf_changed":false,"footnotes":""},"acf":[],"yoast_head":"<!-- This site is optimized with the Yoast SEO plugin v22.5 - https:\/\/yoast.com\/wordpress\/plugins\/seo\/ -->\n<title>My Account - Ao L\u00e9u<\/title>\n<meta name=\"robots\" content=\"index, follow, max-snippet:-1, max-image-preview:large, max-video-preview:-1\" \/>\n<link rel=\"canonical\" href=\"https:\/\/aoleuapparel.com\/en\/my-account\/\" \/>\n<meta property=\"og:locale\" content=\"en_US\" \/>\n<meta property=\"og:type\" content=\"article\" \/>\n<meta property=\"og:title\" content=\"My Account - Ao L\u00e9u\" \/>\n<meta property=\"og:description\" content=\"Painel Encomendas Morada Detalhe da conta Logout Painel Encomendas Morada Detalhe da conta Logout Ol\u00e1! Dashboard Orders Downloads Addresses Account Details Logout Ol\u00e1 ao leu (n\u00e3o \u00e9 ao leu? Sair) No painel da sua conta pode ver as encomendas mais recentes, gerir as moradas de envio e de factura\u00e7\u00e3o e editar os detalhes e a [&hellip;]\" \/>\n<meta property=\"og:url\" content=\"https:\/\/aoleuapparel.com\/en\/my-account\/\" \/>\n<meta property=\"og:site_name\" content=\"Ao L\u00e9u\" \/>\n<meta property=\"article:modified_time\" content=\"2024-04-23T08:31:33+00:00\" \/>\n<meta name=\"twitter:card\" content=\"summary_large_image\" \/>\n<script type=\"application\/ld+json\" class=\"yoast-schema-graph\">{\"@context\":\"https:\/\/schema.org\",\"@graph\":[{\"@type\":\"WebPage\",\"@id\":\"https:\/\/aoleuapparel.com\/en\/my-account\/\",\"url\":\"https:\/\/aoleuapparel.com\/en\/my-account\/\",\"name\":\"My Account - Ao L\u00e9u\",\"isPartOf\":{\"@id\":\"https:\/\/aoleuapparel.com\/en\/#website\"},\"datePublished\":\"2022-03-08T15:47:29+00:00\",\"dateModified\":\"2024-04-23T08:31:33+00:00\",\"breadcrumb\":{\"@id\":\"https:\/\/aoleuapparel.com\/en\/my-account\/#breadcrumb\"},\"inLanguage\":\"en-US\",\"potentialAction\":[{\"@type\":\"ReadAction\",\"target\":[\"https:\/\/aoleuapparel.com\/en\/my-account\/\"]}]},{\"@type\":\"BreadcrumbList\",\"@id\":\"https:\/\/aoleuapparel.com\/en\/my-account\/#breadcrumb\",\"itemListElement\":[{\"@type\":\"ListItem\",\"position\":1,\"name\":\"In\u00edcio\",\"item\":\"https:\/\/aoleuapparel.com\/en\/\"},{\"@type\":\"ListItem\",\"position\":2,\"name\":\"My Account\"}]},{\"@type\":\"WebSite\",\"@id\":\"https:\/\/aoleuapparel.com\/en\/#website\",\"url\":\"https:\/\/aoleuapparel.com\/en\/\",\"name\":\"Ao L\u00e9u\",\"description\":\"aoleuapparel.com\",\"publisher\":{\"@id\":\"https:\/\/aoleuapparel.com\/en\/#organization\"},\"potentialAction\":[{\"@type\":\"SearchAction\",\"target\":{\"@type\":\"EntryPoint\",\"urlTemplate\":\"https:\/\/aoleuapparel.com\/en\/?s={search_term_string}\"},\"query-input\":\"required name=search_term_string\"}],\"inLanguage\":\"en-US\"},{\"@type\":\"Organization\",\"@id\":\"https:\/\/aoleuapparel.com\/en\/#organization\",\"name\":\"Ao L\u00e9u\",\"url\":\"https:\/\/aoleuapparel.com\/en\/\",\"logo\":{\"@type\":\"ImageObject\",\"inLanguage\":\"en-US\",\"@id\":\"https:\/\/aoleuapparel.com\/en\/#\/schema\/logo\/image\/\",\"url\":\"https:\/\/aoleuapparel.com\/wp-content\/uploads\/2022\/03\/aoleu_logo_white.svg\",\"contentUrl\":\"https:\/\/aoleuapparel.com\/wp-content\/uploads\/2022\/03\/aoleu_logo_white.svg\",\"width\":350,\"height\":100,\"caption\":\"Ao L\u00e9u\"},\"image\":{\"@id\":\"https:\/\/aoleuapparel.com\/en\/#\/schema\/logo\/image\/\"}}]}<\/script>\n<!-- \/ Yoast SEO plugin. -->","yoast_head_json":{"title":"My Account - Ao L\u00e9u","robots":{"index":"index","follow":"follow","max-snippet":"max-snippet:-1","max-image-preview":"max-image-preview:large","max-video-preview":"max-video-preview:-1"},"canonical":"https:\/\/aoleuapparel.com\/en\/my-account\/","og_locale":"en_US","og_type":"article","og_title":"My Account - Ao L\u00e9u","og_description":"Painel Encomendas Morada Detalhe da conta Logout Painel Encomendas Morada Detalhe da conta Logout Ol\u00e1! Dashboard Orders Downloads Addresses Account Details Logout Ol\u00e1 ao leu (n\u00e3o \u00e9 ao leu? Sair) No painel da sua conta pode ver as encomendas mais recentes, gerir as moradas de envio e de factura\u00e7\u00e3o e editar os detalhes e a [&hellip;]","og_url":"https:\/\/aoleuapparel.com\/en\/my-account\/","og_site_name":"Ao L\u00e9u","article_modified_time":"2024-04-23T08:31:33+00:00","twitter_card":"summary_large_image","schema":{"@context":"https:\/\/schema.org","@graph":[{"@type":"WebPage","@id":"https:\/\/aoleuapparel.com\/en\/my-account\/","url":"https:\/\/aoleuapparel.com\/en\/my-account\/","name":"My Account - Ao L\u00e9u","isPartOf":{"@id":"https:\/\/aoleuapparel.com\/en\/#website"},"datePublished":"2022-03-08T15:47:29+00:00","dateModified":"2024-04-23T08:31:33+00:00","breadcrumb":{"@id":"https:\/\/aoleuapparel.com\/en\/my-account\/#breadcrumb"},"inLanguage":"en-US","potentialAction":[{"@type":"ReadAction","target":["https:\/\/aoleuapparel.com\/en\/my-account\/"]}]},{"@type":"BreadcrumbList","@id":"https:\/\/aoleuapparel.com\/en\/my-account\/#breadcrumb","itemListElement":[{"@type":"ListItem","position":1,"name":"In\u00edcio","item":"https:\/\/aoleuapparel.com\/en\/"},{"@type":"ListItem","position":2,"name":"My Account"}]},{"@type":"WebSite","@id":"https:\/\/aoleuapparel.com\/en\/#website","url":"https:\/\/aoleuapparel.com\/en\/","name":"Ao L\u00e9u","description":"aoleuapparel.com","publisher":{"@id":"https:\/\/aoleuapparel.com\/en\/#organization"},"potentialAction":[{"@type":"SearchAction","target":{"@type":"EntryPoint","urlTemplate":"https:\/\/aoleuapparel.com\/en\/?s={search_term_string}"},"query-input":"required name=search_term_string"}],"inLanguage":"en-US"},{"@type":"Organization","@id":"https:\/\/aoleuapparel.com\/en\/#organization","name":"Ao L\u00e9u","url":"https:\/\/aoleuapparel.com\/en\/","logo":{"@type":"ImageObject","inLanguage":"en-US","@id":"https:\/\/aoleuapparel.com\/en\/#\/schema\/logo\/image\/","url":"https:\/\/aoleuapparel.com\/wp-content\/uploads\/2022\/03\/aoleu_logo_white.svg","contentUrl":"https:\/\/aoleuapparel.com\/wp-content\/uploads\/2022\/03\/aoleu_logo_white.svg","width":350,"height":100,"caption":"Ao L\u00e9u"},"image":{"@id":"https:\/\/aoleuapparel.com\/en\/#\/schema\/logo\/image\/"}}]}},"jetpack_sharing_enabled":true,"_links":{"self":[{"href":"https:\/\/aoleuapparel.com\/en\/wp-json\/wp\/v2\/pages\/5584"}],"collection":[{"href":"https:\/\/aoleuapparel.com\/en\/wp-json\/wp\/v2\/pages"}],"about":[{"href":"https:\/\/aoleuapparel.com\/en\/wp-json\/wp\/v2\/types\/page"}],"author":[{"embeddable":true,"href":"https:\/\/aoleuapparel.com\/en\/wp-json\/wp\/v2\/users\/2"}],"replies":[{"embeddable":true,"href":"https:\/\/aoleuapparel.com\/en\/wp-json\/wp\/v2\/comments?post=5584"}],"version-history":[{"count":0,"href":"https:\/\/aoleuapparel.com\/en\/wp-json\/wp\/v2\/pages\/5584\/revisions"}],"wp:attachment":[{"href":"https:\/\/aoleuapparel.com\/en\/wp-json\/wp\/v2\/media?parent=5584"}],"curies":[{"name":"wp","href":"https:\/\/api.w.org\/{rel}","templated":true}]}}