{"id":5582,"date":"2022-03-08T15:47:29","date_gmt":"2022-03-08T15:47:29","guid":{"rendered":"https:\/\/aoleuapparel.com\/cart\/"},"modified":"2024-04-23T08:31:31","modified_gmt":"2024-04-23T08:31:31","slug":"cart","status":"publish","type":"page","link":"https:\/\/aoleuapparel.com\/en\/cart\/","title":{"rendered":"Cart"},"content":{"rendered":"\t\t<div data-elementor-type=\"wp-page\" data-elementor-id=\"5582\" class=\"elementor elementor-5582 elementor-9\" data-elementor-post-type=\"page\">\n\t\t\t\t\t\t<section class=\"elementor-section elementor-top-section elementor-element elementor-element-62efac4f elementor-section-boxed elementor-section-height-default elementor-section-height-default\" data-id=\"62efac4f\" data-element_type=\"section\">\n\t\t\t\t\t\t<div class=\"elementor-container elementor-column-gap-default\">\n\t\t\t\t\t<div class=\"elementor-column elementor-col-100 elementor-top-column elementor-element elementor-element-1653a549\" data-id=\"1653a549\" data-element_type=\"column\">\n\t\t\t<div class=\"elementor-widget-wrap elementor-element-populated\">\n\t\t\t\t\t\t<div class=\"elementor-element elementor-element-897384a elementor-widget elementor-widget-heading\" data-id=\"897384a\" data-element_type=\"widget\" data-widget_type=\"heading.default\">\n\t\t\t\t<div class=\"elementor-widget-container\">\n\t\t\t\t\t<h1 class=\"elementor-heading-title elementor-size-default\">o meu carrinho<\/h1>\t\t\t\t<\/div>\n\t\t\t\t<\/div>\n\t\t\t\t<div class=\"elementor-element elementor-element-eccc884 elementor-widget elementor-widget-spacer\" data-id=\"eccc884\" data-element_type=\"widget\" data-widget_type=\"spacer.default\">\n\t\t\t\t<div class=\"elementor-widget-container\">\n\t\t\t\t\t\t\t<div class=\"elementor-spacer\">\n\t\t\t<div class=\"elementor-spacer-inner\"><\/div>\n\t\t<\/div>\n\t\t\t\t\t\t<\/div>\n\t\t\t\t<\/div>\n\t\t\t\t\t<\/div>\n\t\t<\/div>\n\t\t\t\t\t<\/div>\n\t\t<\/section>\n\t\t\t\t<\/div>\n\t\t","protected":false},"excerpt":{"rendered":"<p>o meu carrinho &nbsp; &nbsp; Produto Pre\u00e7o Quantidade Subtotal &times; \u00c2MBAR V1 &#8211; M &euro;79,00 Quantidade de \u00c2MBAR V1 &#8211; M &euro;474,00 aplicar cup\u00e3o total do carrinho Subtotal &euro;474,00 Total &euro;474,00 EUR COMPRAR<\/p>\n","protected":false},"author":2,"featured_media":0,"parent":0,"menu_order":0,"comment_status":"closed","ping_status":"closed","template":"","meta":{"_acf_changed":false,"footnotes":""},"acf":[],"yoast_head":"<!-- This site is optimized with the Yoast SEO plugin v22.5 - https:\/\/yoast.com\/wordpress\/plugins\/seo\/ -->\n<title>Cart - Ao L\u00e9u<\/title>\n<meta name=\"robots\" content=\"index, follow, max-snippet:-1, max-image-preview:large, max-video-preview:-1\" \/>\n<link rel=\"canonical\" href=\"https:\/\/aoleuapparel.com\/en\/cart\/\" \/>\n<meta property=\"og:locale\" content=\"en_US\" \/>\n<meta property=\"og:type\" content=\"article\" \/>\n<meta property=\"og:title\" content=\"Cart - Ao L\u00e9u\" \/>\n<meta property=\"og:description\" content=\"o meu carrinho &nbsp; &nbsp; Produto Pre\u00e7o Quantidade Subtotal &times; \u00c2MBAR V1 &#8211; M &euro;79,00 Quantidade de \u00c2MBAR V1 &#8211; M &euro;474,00 aplicar cup\u00e3o total do carrinho Subtotal &euro;474,00 Total &euro;474,00 EUR COMPRAR\" \/>\n<meta property=\"og:url\" content=\"https:\/\/aoleuapparel.com\/en\/cart\/\" \/>\n<meta property=\"og:site_name\" content=\"Ao L\u00e9u\" \/>\n<meta property=\"article:modified_time\" content=\"2024-04-23T08:31:31+00:00\" \/>\n<meta property=\"og:image\" content=\"http:\/\/localhost:8888\/aoleu\/wp-content\/uploads\/2022\/03\/MODELO_1_v1-scaled-1707x2048.jpg\" \/>\n<meta name=\"twitter:card\" content=\"summary_large_image\" \/>\n<script type=\"application\/ld+json\" class=\"yoast-schema-graph\">{\"@context\":\"https:\/\/schema.org\",\"@graph\":[{\"@type\":\"WebPage\",\"@id\":\"https:\/\/aoleuapparel.com\/en\/cart\/\",\"url\":\"https:\/\/aoleuapparel.com\/en\/cart\/\",\"name\":\"Cart - Ao L\u00e9u\",\"isPartOf\":{\"@id\":\"https:\/\/aoleuapparel.com\/en\/#website\"},\"primaryImageOfPage\":{\"@id\":\"https:\/\/aoleuapparel.com\/en\/cart\/#primaryimage\"},\"image\":{\"@id\":\"https:\/\/aoleuapparel.com\/en\/cart\/#primaryimage\"},\"thumbnailUrl\":\"http:\/\/localhost:8888\/aoleu\/wp-content\/uploads\/2022\/03\/MODELO_1_v1-scaled-1707x2048.jpg\",\"datePublished\":\"2022-03-08T15:47:29+00:00\",\"dateModified\":\"2024-04-23T08:31:31+00:00\",\"breadcrumb\":{\"@id\":\"https:\/\/aoleuapparel.com\/en\/cart\/#breadcrumb\"},\"inLanguage\":\"en-US\",\"potentialAction\":[{\"@type\":\"ReadAction\",\"target\":[\"https:\/\/aoleuapparel.com\/en\/cart\/\"]}]},{\"@type\":\"ImageObject\",\"inLanguage\":\"en-US\",\"@id\":\"https:\/\/aoleuapparel.com\/en\/cart\/#primaryimage\",\"url\":\"http:\/\/localhost:8888\/aoleu\/wp-content\/uploads\/2022\/03\/MODELO_1_v1-scaled-1707x2048.jpg\",\"contentUrl\":\"http:\/\/localhost:8888\/aoleu\/wp-content\/uploads\/2022\/03\/MODELO_1_v1-scaled-1707x2048.jpg\"},{\"@type\":\"BreadcrumbList\",\"@id\":\"https:\/\/aoleuapparel.com\/en\/cart\/#breadcrumb\",\"itemListElement\":[{\"@type\":\"ListItem\",\"position\":1,\"name\":\"In\u00edcio\",\"item\":\"https:\/\/aoleuapparel.com\/en\/\"},{\"@type\":\"ListItem\",\"position\":2,\"name\":\"Cart\"}]},{\"@type\":\"WebSite\",\"@id\":\"https:\/\/aoleuapparel.com\/en\/#website\",\"url\":\"https:\/\/aoleuapparel.com\/en\/\",\"name\":\"Ao L\u00e9u\",\"description\":\"aoleuapparel.com\",\"publisher\":{\"@id\":\"https:\/\/aoleuapparel.com\/en\/#organization\"},\"potentialAction\":[{\"@type\":\"SearchAction\",\"target\":{\"@type\":\"EntryPoint\",\"urlTemplate\":\"https:\/\/aoleuapparel.com\/en\/?s={search_term_string}\"},\"query-input\":\"required name=search_term_string\"}],\"inLanguage\":\"en-US\"},{\"@type\":\"Organization\",\"@id\":\"https:\/\/aoleuapparel.com\/en\/#organization\",\"name\":\"Ao L\u00e9u\",\"url\":\"https:\/\/aoleuapparel.com\/en\/\",\"logo\":{\"@type\":\"ImageObject\",\"inLanguage\":\"en-US\",\"@id\":\"https:\/\/aoleuapparel.com\/en\/#\/schema\/logo\/image\/\",\"url\":\"https:\/\/aoleuapparel.com\/wp-content\/uploads\/2022\/03\/aoleu_logo_white.svg\",\"contentUrl\":\"https:\/\/aoleuapparel.com\/wp-content\/uploads\/2022\/03\/aoleu_logo_white.svg\",\"width\":350,\"height\":100,\"caption\":\"Ao L\u00e9u\"},\"image\":{\"@id\":\"https:\/\/aoleuapparel.com\/en\/#\/schema\/logo\/image\/\"}}]}<\/script>\n<!-- \/ Yoast SEO plugin. -->","yoast_head_json":{"title":"Cart - Ao L\u00e9u","robots":{"index":"index","follow":"follow","max-snippet":"max-snippet:-1","max-image-preview":"max-image-preview:large","max-video-preview":"max-video-preview:-1"},"canonical":"https:\/\/aoleuapparel.com\/en\/cart\/","og_locale":"en_US","og_type":"article","og_title":"Cart - Ao L\u00e9u","og_description":"o meu carrinho &nbsp; &nbsp; Produto Pre\u00e7o Quantidade Subtotal &times; \u00c2MBAR V1 &#8211; M &euro;79,00 Quantidade de \u00c2MBAR V1 &#8211; M &euro;474,00 aplicar cup\u00e3o total do carrinho Subtotal &euro;474,00 Total &euro;474,00 EUR COMPRAR","og_url":"https:\/\/aoleuapparel.com\/en\/cart\/","og_site_name":"Ao L\u00e9u","article_modified_time":"2024-04-23T08:31:31+00:00","og_image":[{"url":"http:\/\/localhost:8888\/aoleu\/wp-content\/uploads\/2022\/03\/MODELO_1_v1-scaled-1707x2048.jpg"}],"twitter_card":"summary_large_image","schema":{"@context":"https:\/\/schema.org","@graph":[{"@type":"WebPage","@id":"https:\/\/aoleuapparel.com\/en\/cart\/","url":"https:\/\/aoleuapparel.com\/en\/cart\/","name":"Cart - Ao L\u00e9u","isPartOf":{"@id":"https:\/\/aoleuapparel.com\/en\/#website"},"primaryImageOfPage":{"@id":"https:\/\/aoleuapparel.com\/en\/cart\/#primaryimage"},"image":{"@id":"https:\/\/aoleuapparel.com\/en\/cart\/#primaryimage"},"thumbnailUrl":"http:\/\/localhost:8888\/aoleu\/wp-content\/uploads\/2022\/03\/MODELO_1_v1-scaled-1707x2048.jpg","datePublished":"2022-03-08T15:47:29+00:00","dateModified":"2024-04-23T08:31:31+00:00","breadcrumb":{"@id":"https:\/\/aoleuapparel.com\/en\/cart\/#breadcrumb"},"inLanguage":"en-US","potentialAction":[{"@type":"ReadAction","target":["https:\/\/aoleuapparel.com\/en\/cart\/"]}]},{"@type":"ImageObject","inLanguage":"en-US","@id":"https:\/\/aoleuapparel.com\/en\/cart\/#primaryimage","url":"http:\/\/localhost:8888\/aoleu\/wp-content\/uploads\/2022\/03\/MODELO_1_v1-scaled-1707x2048.jpg","contentUrl":"http:\/\/localhost:8888\/aoleu\/wp-content\/uploads\/2022\/03\/MODELO_1_v1-scaled-1707x2048.jpg"},{"@type":"BreadcrumbList","@id":"https:\/\/aoleuapparel.com\/en\/cart\/#breadcrumb","itemListElement":[{"@type":"ListItem","position":1,"name":"In\u00edcio","item":"https:\/\/aoleuapparel.com\/en\/"},{"@type":"ListItem","position":2,"name":"Cart"}]},{"@type":"WebSite","@id":"https:\/\/aoleuapparel.com\/en\/#website","url":"https:\/\/aoleuapparel.com\/en\/","name":"Ao L\u00e9u","description":"aoleuapparel.com","publisher":{"@id":"https:\/\/aoleuapparel.com\/en\/#organization"},"potentialAction":[{"@type":"SearchAction","target":{"@type":"EntryPoint","urlTemplate":"https:\/\/aoleuapparel.com\/en\/?s={search_term_string}"},"query-input":"required name=search_term_string"}],"inLanguage":"en-US"},{"@type":"Organization","@id":"https:\/\/aoleuapparel.com\/en\/#organization","name":"Ao L\u00e9u","url":"https:\/\/aoleuapparel.com\/en\/","logo":{"@type":"ImageObject","inLanguage":"en-US","@id":"https:\/\/aoleuapparel.com\/en\/#\/schema\/logo\/image\/","url":"https:\/\/aoleuapparel.com\/wp-content\/uploads\/2022\/03\/aoleu_logo_white.svg","contentUrl":"https:\/\/aoleuapparel.com\/wp-content\/uploads\/2022\/03\/aoleu_logo_white.svg","width":350,"height":100,"caption":"Ao L\u00e9u"},"image":{"@id":"https:\/\/aoleuapparel.com\/en\/#\/schema\/logo\/image\/"}}]}},"jetpack_sharing_enabled":true,"_links":{"self":[{"href":"https:\/\/aoleuapparel.com\/en\/wp-json\/wp\/v2\/pages\/5582"}],"collection":[{"href":"https:\/\/aoleuapparel.com\/en\/wp-json\/wp\/v2\/pages"}],"about":[{"href":"https:\/\/aoleuapparel.com\/en\/wp-json\/wp\/v2\/types\/page"}],"author":[{"embeddable":true,"href":"https:\/\/aoleuapparel.com\/en\/wp-json\/wp\/v2\/users\/2"}],"replies":[{"embeddable":true,"href":"https:\/\/aoleuapparel.com\/en\/wp-json\/wp\/v2\/comments?post=5582"}],"version-history":[{"count":0,"href":"https:\/\/aoleuapparel.com\/en\/wp-json\/wp\/v2\/pages\/5582\/revisions"}],"wp:attachment":[{"href":"https:\/\/aoleuapparel.com\/en\/wp-json\/wp\/v2\/media?parent=5582"}],"curies":[{"name":"wp","href":"https:\/\/api.w.org\/{rel}","templated":true}]}}